{"id":18,"date":"2023-09-01T14:02:59","date_gmt":"2023-09-01T14:02:59","guid":{"rendered":"https:\/\/gdfly.fr\/?page_id=18"},"modified":"2023-10-18T09:43:26","modified_gmt":"2023-10-18T09:43:26","slug":"prestataire-professionnel-drone-normandie-videos-photos-post-production","status":"publish","type":"page","link":"https:\/\/gdfly.fr\/","title":{"rendered":"Prestataire drone professionnel vid\u00e9os et photos"},"content":{"rendered":"<p>[et_pb_section fb_built=\u00a0\u00bb1&Prime; fullwidth=\u00a0\u00bbon\u00a0\u00bb _builder_version=\u00a0\u00bb4.18.0&Prime; _module_preset=\u00a0\u00bbdefault\u00a0\u00bb global_colors_info=\u00a0\u00bb{}\u00a0\u00bb][et_pb_fullwidth_image src=\u00a0\u00bbhttps:\/\/gdfly.fr\/wp-content\/uploads\/2023\/09\/prestataire-de-drone-en-normandie-GDFLY.fr_-2.png\u00a0\u00bb title_text=\u00a0\u00bbprestataire de drone en normandie GDFLY.fr\u00a0\u00bb _builder_version=\u00a0\u00bb4.22.1&Prime; _module_preset=\u00a0\u00bbdefault\u00a0\u00bb global_colors_info=\u00a0\u00bb{}\u00a0\u00bb][\/et_pb_fullwidth_image][\/et_pb_section][et_pb_section fb_built=\u00a0\u00bb1&Prime; _builder_version=\u00a0\u00bb4.22.1&Prime; _module_preset=\u00a0\u00bbdefault\u00a0\u00bb global_colors_info=\u00a0\u00bb{}\u00a0\u00bb][et_pb_row _builder_version=\u00a0\u00bb4.22.1&Prime; _module_preset=\u00a0\u00bbdefault\u00a0\u00bb global_colors_info=\u00a0\u00bb{}\u00a0\u00bb][et_pb_column type=\u00a0\u00bb4_4&Prime; _builder_version=\u00a0\u00bb4.22.1&Prime; _module_preset=\u00a0\u00bbdefault\u00a0\u00bb global_colors_info=\u00a0\u00bb{}\u00a0\u00bb][et_pb_text _builder_version=\u00a0\u00bb4.22.1&Prime; _module_preset=\u00a0\u00bbdefault\u00a0\u00bb global_colors_info=\u00a0\u00bb{}\u00a0\u00bb]<\/p>\n<p><strong>GD SOLUTIONS vous pr\u00e9sente GD FLY, un nouveau service DRONE \u00e0 destination des professionnels et des particuliers. En plus des reportages photos classiques, nous avons le plaisir de vous proposer une gamme compl\u00e8te de services a\u00e9riens captivants et fonctionnels, une activit\u00e9 tr\u00e8s r\u00e9glement\u00e9e, Agr\u00e9\u00e9e par la Direction G\u00e9n\u00e9rale de l&rsquo;Aviation Civile.<\/strong><\/p>\n<p>[\/et_pb_text][\/et_pb_column][\/et_pb_row][et_pb_row column_structure=\u00a0\u00bb1_2,1_2&Prime; _builder_version=\u00a0\u00bb4.22.1&Prime; _module_preset=\u00a0\u00bbdefault\u00a0\u00bb global_colors_info=\u00a0\u00bb{}\u00a0\u00bb][et_pb_column type=\u00a0\u00bb1_2&Prime; _builder_version=\u00a0\u00bb4.22.1&Prime; _module_preset=\u00a0\u00bbdefault\u00a0\u00bb global_colors_info=\u00a0\u00bb{}\u00a0\u00bb][et_pb_image src=\u00a0\u00bbhttps:\/\/gdfly.fr\/wp-content\/uploads\/2023\/09\/prestataire-de-drone-grand-ouest-photos-et-videos-scaled.jpeg\u00a0\u00bb title_text=\u00a0\u00bbGDFLY votre prestataire de drone\u00a0\u00bb _builder_version=\u00a0\u00bb4.22.1&Prime; _module_preset=\u00a0\u00bbdefault\u00a0\u00bb global_colors_info=\u00a0\u00bb{}\u00a0\u00bb][\/et_pb_image][et_pb_image src=\u00a0\u00bbhttps:\/\/gdfly.fr\/wp-content\/uploads\/2023\/09\/vue-haras-du-val-henry.jpg\u00a0\u00bb title_text=\u00a0\u00bbvue haras du val henry\u00a0\u00bb _builder_version=\u00a0\u00bb4.22.1&Prime; _module_preset=\u00a0\u00bbdefault\u00a0\u00bb hover_enabled=\u00a0\u00bb0&Prime; global_colors_info=\u00a0\u00bb{}\u00a0\u00bb sticky_enabled=\u00a0\u00bb0&Prime;][\/et_pb_image][\/et_pb_column][et_pb_column type=\u00a0\u00bb1_2&Prime; _builder_version=\u00a0\u00bb4.22.1&Prime; _module_preset=\u00a0\u00bbdefault\u00a0\u00bb global_colors_info=\u00a0\u00bb{}\u00a0\u00bb][et_pb_text _builder_version=\u00a0\u00bb4.22.1&Prime; _module_preset=\u00a0\u00bbdefault\u00a0\u00bb global_colors_info=\u00a0\u00bb{}\u00a0\u00bb]<\/p>\n<p><strong>POUR LES PROFESSIONNELS<\/strong><\/p>\n<p><strong>&#8211; Photographie et vid\u00e9ographie a\u00e9rienne :<\/strong><br \/>Ces services sont utiles pour les secteurs de l&rsquo;immobilier, de l&rsquo;architecture, du tourisme, de l&rsquo;\u00e9v\u00e9nementiel, de l&rsquo;agriculture, du sport, et bien d&rsquo;autres.<\/p>\n<p><strong>&#8211; Publicit\u00e9 et marketing :<\/strong><br \/>Indispensables pour dynamiser des campagnes publicitaires percutantes et des vid\u00e9os promotionnelles qui se d\u00e9marquent gr\u00e2ce \u00e0 des images a\u00e9riennes uniques.<\/p>\n<p><strong>&#8211; \u00c9v\u00e8nementiel :<\/strong><br \/>Les prises de vues a\u00e9riennes permettent de donner une autre dimension \u00e0 votre \u00e9v\u00e9nement sportif ou culturel.<\/p>\n<p><strong>POUR LES PARTICULIERS<\/strong><\/p>\n<p><strong>&#8211; Photos et vid\u00e9os m\u00e9morables :<\/strong><br \/>Nous proposons des s\u00e9ances de photos a\u00e9riennes pour les mariages, les \u00e9v\u00e9nements familiaux et les occasions sp\u00e9ciales.<\/p>\n<p><strong>&#8211; Immobilier :<\/strong><br \/>Vous souhaitez vendre votre propri\u00e9t\u00e9 ? les prises de vue a\u00e9riennes permettront de mettre en valeur et sublimer votre bien.<\/p>\n<p><strong>&#8211; Suivi de travaux :<\/strong><br \/>Suivez les travaux \u00e0 distance (fichiers mis \u00e0 disposition sur un serveur priv\u00e9).<\/p>\n<p><strong>Pour chaque projet, nous combinons notre expertise technique avec une cr\u00e9ativit\u00e9 professionnelle pour produire des r\u00e9sultats \u00e0 la hauteur de vos attentes.<\/strong><\/p>\n<p>[\/et_pb_text][\/et_pb_column][\/et_pb_row][\/et_pb_section]<\/p>\n","protected":false},"excerpt":{"rendered":"<p>GD SOLUTIONS vous pr\u00e9sente GD FLY, un nouveau service DRONE \u00e0 destination des professionnels et des particuliers. En plus des reportages photos classiques, nous avons le plaisir de vous proposer une gamme compl\u00e8te de services a\u00e9riens captivants et fonctionnels, une activit\u00e9 tr\u00e8s r\u00e9glement\u00e9e, Agr\u00e9\u00e9e par la Direction G\u00e9n\u00e9rale de l&rsquo;Aviation Civile.POUR LES PROFESSIONNELS &#8211; Photographie [&hellip;]<\/p>\n","protected":false},"author":1,"featured_media":0,"parent":0,"menu_order":0,"comment_status":"closed","ping_status":"closed","template":"","meta":{"_et_pb_use_builder":"on","_et_pb_old_content":"","_et_gb_content_width":"","footnotes":""},"class_list":["post-18","page","type-page","status-publish","hentry"],"yoast_head":"<!-- This site is optimized with the Yoast SEO plugin v26.1.1 - https:\/\/yoast.com\/wordpress\/plugins\/seo\/ -->\n<title>Prestataire drone professionnel vid\u00e9os et photos - Prestataire drone photos et videos en Normandie - GDfly<\/title>\n<meta name=\"description\" content=\"GD FLY propose des prestations de drones professionnelles et personnalis\u00e9es selon vos besoins. D\u00e9marches administratives, photos, vid\u00e9os, post production.\" \/>\n<meta name=\"robots\" content=\"index, follow, max-snippet:-1, max-image-preview:large, max-video-preview:-1\" \/>\n<link rel=\"canonical\" href=\"https:\/\/gdfly.fr\/\" \/>\n<meta property=\"og:locale\" content=\"fr_FR\" \/>\n<meta property=\"og:type\" content=\"article\" \/>\n<meta property=\"og:title\" content=\"Prestataire drone professionnel vid\u00e9os et photos - Prestataire drone photos et videos en Normandie - GDfly\" \/>\n<meta property=\"og:description\" content=\"GD FLY propose des prestations de drones professionnelles et personnalis\u00e9es selon vos besoins. D\u00e9marches administratives, photos, vid\u00e9os, post production.\" \/>\n<meta property=\"og:url\" content=\"https:\/\/gdfly.fr\/\" \/>\n<meta property=\"og:site_name\" content=\"Prestataire drone photos et videos en Normandie - GDfly\" \/>\n<meta property=\"article:modified_time\" content=\"2023-10-18T09:43:26+00:00\" \/>\n<meta name=\"twitter:card\" content=\"summary_large_image\" \/>\n<meta name=\"twitter:label1\" content=\"Dur\u00e9e de lecture estim\u00e9e\" \/>\n\t<meta name=\"twitter:data1\" content=\"1 minute\" \/>\n<script type=\"application\/ld+json\" class=\"yoast-schema-graph\">{\"@context\":\"https:\/\/schema.org\",\"@graph\":[{\"@type\":\"WebPage\",\"@id\":\"https:\/\/gdfly.fr\/\",\"url\":\"https:\/\/gdfly.fr\/\",\"name\":\"Prestataire drone professionnel vid\u00e9os et photos - Prestataire drone photos et videos en Normandie - GDfly\",\"isPartOf\":{\"@id\":\"https:\/\/gdfly.fr\/#website\"},\"datePublished\":\"2023-09-01T14:02:59+00:00\",\"dateModified\":\"2023-10-18T09:43:26+00:00\",\"description\":\"GD FLY propose des prestations de drones professionnelles et personnalis\u00e9es selon vos besoins. D\u00e9marches administratives, photos, vid\u00e9os, post production.\",\"breadcrumb\":{\"@id\":\"https:\/\/gdfly.fr\/#breadcrumb\"},\"inLanguage\":\"fr-FR\",\"potentialAction\":[{\"@type\":\"ReadAction\",\"target\":[\"https:\/\/gdfly.fr\/\"]}]},{\"@type\":\"BreadcrumbList\",\"@id\":\"https:\/\/gdfly.fr\/#breadcrumb\",\"itemListElement\":[{\"@type\":\"ListItem\",\"position\":1,\"name\":\"Accueil\",\"item\":\"https:\/\/gdfly.fr\/\"},{\"@type\":\"ListItem\",\"position\":2,\"name\":\"Prestataire drone professionnel vid\u00e9os et photos\"}]},{\"@type\":\"WebSite\",\"@id\":\"https:\/\/gdfly.fr\/#website\",\"url\":\"https:\/\/gdfly.fr\/\",\"name\":\"Prestataire drone photos et videos en Normandie - GDfly\",\"description\":\"\",\"potentialAction\":[{\"@type\":\"SearchAction\",\"target\":{\"@type\":\"EntryPoint\",\"urlTemplate\":\"https:\/\/gdfly.fr\/?s={search_term_string}\"},\"query-input\":{\"@type\":\"PropertyValueSpecification\",\"valueRequired\":true,\"valueName\":\"search_term_string\"}}],\"inLanguage\":\"fr-FR\"}]}<\/script>\n<!-- \/ Yoast SEO plugin. -->","yoast_head_json":{"title":"Prestataire drone professionnel vid\u00e9os et photos - Prestataire drone photos et videos en Normandie - GDfly","description":"GD FLY propose des prestations de drones professionnelles et personnalis\u00e9es selon vos besoins. D\u00e9marches administratives, photos, vid\u00e9os, post production.","robots":{"index":"index","follow":"follow","max-snippet":"max-snippet:-1","max-image-preview":"max-image-preview:large","max-video-preview":"max-video-preview:-1"},"canonical":"https:\/\/gdfly.fr\/","og_locale":"fr_FR","og_type":"article","og_title":"Prestataire drone professionnel vid\u00e9os et photos - Prestataire drone photos et videos en Normandie - GDfly","og_description":"GD FLY propose des prestations de drones professionnelles et personnalis\u00e9es selon vos besoins. D\u00e9marches administratives, photos, vid\u00e9os, post production.","og_url":"https:\/\/gdfly.fr\/","og_site_name":"Prestataire drone photos et videos en Normandie - GDfly","article_modified_time":"2023-10-18T09:43:26+00:00","twitter_card":"summary_large_image","twitter_misc":{"Dur\u00e9e de lecture estim\u00e9e":"1 minute"},"schema":{"@context":"https:\/\/schema.org","@graph":[{"@type":"WebPage","@id":"https:\/\/gdfly.fr\/","url":"https:\/\/gdfly.fr\/","name":"Prestataire drone professionnel vid\u00e9os et photos - Prestataire drone photos et videos en Normandie - GDfly","isPartOf":{"@id":"https:\/\/gdfly.fr\/#website"},"datePublished":"2023-09-01T14:02:59+00:00","dateModified":"2023-10-18T09:43:26+00:00","description":"GD FLY propose des prestations de drones professionnelles et personnalis\u00e9es selon vos besoins. D\u00e9marches administratives, photos, vid\u00e9os, post production.","breadcrumb":{"@id":"https:\/\/gdfly.fr\/#breadcrumb"},"inLanguage":"fr-FR","potentialAction":[{"@type":"ReadAction","target":["https:\/\/gdfly.fr\/"]}]},{"@type":"BreadcrumbList","@id":"https:\/\/gdfly.fr\/#breadcrumb","itemListElement":[{"@type":"ListItem","position":1,"name":"Accueil","item":"https:\/\/gdfly.fr\/"},{"@type":"ListItem","position":2,"name":"Prestataire drone professionnel vid\u00e9os et photos"}]},{"@type":"WebSite","@id":"https:\/\/gdfly.fr\/#website","url":"https:\/\/gdfly.fr\/","name":"Prestataire drone photos et videos en Normandie - GDfly","description":"","potentialAction":[{"@type":"SearchAction","target":{"@type":"EntryPoint","urlTemplate":"https:\/\/gdfly.fr\/?s={search_term_string}"},"query-input":{"@type":"PropertyValueSpecification","valueRequired":true,"valueName":"search_term_string"}}],"inLanguage":"fr-FR"}]}},"_links":{"self":[{"href":"https:\/\/gdfly.fr\/index.php\/wp-json\/wp\/v2\/pages\/18","targetHints":{"allow":["GET"]}}],"collection":[{"href":"https:\/\/gdfly.fr\/index.php\/wp-json\/wp\/v2\/pages"}],"about":[{"href":"https:\/\/gdfly.fr\/index.php\/wp-json\/wp\/v2\/types\/page"}],"author":[{"embeddable":true,"href":"https:\/\/gdfly.fr\/index.php\/wp-json\/wp\/v2\/users\/1"}],"replies":[{"embeddable":true,"href":"https:\/\/gdfly.fr\/index.php\/wp-json\/wp\/v2\/comments?post=18"}],"version-history":[{"count":23,"href":"https:\/\/gdfly.fr\/index.php\/wp-json\/wp\/v2\/pages\/18\/revisions"}],"predecessor-version":[{"id":111,"href":"https:\/\/gdfly.fr\/index.php\/wp-json\/wp\/v2\/pages\/18\/revisions\/111"}],"wp:attachment":[{"href":"https:\/\/gdfly.fr\/index.php\/wp-json\/wp\/v2\/media?parent=18"}],"curies":[{"name":"wp","href":"https:\/\/api.w.org\/{rel}","templated":true}]}}